{"id":121,"date":"2018-05-16T03:14:29","date_gmt":"2018-05-16T03:14:29","guid":{"rendered":"http:\/\/shtheme.net\/demosd\/metallex1\/?page_id=121"},"modified":"2025-05-17T03:27:56","modified_gmt":"2025-05-17T01:27:56","slug":"home-page-one","status":"publish","type":"page","link":"https:\/\/cabinasystem.es\/","title":{"rendered":"Home Page One"},"content":{"rendered":"<p>[vc_row type_row=\u00bbslider\u00bb][vc_column] \r\n    \r\n    <div style=\"background-image: url(https:\/\/cabinasystem.es\/wp-content\/uploads\/2024\/01\/100_1093-1.jpg);backgroudn-position: center right;\" class=\"item  active slide-1\">\r\n        <div class=\"carousel-caption\">\r\n          <div class=\"thm-container txt-left\">\r\n            <div class=\"box valign-middle\">\r\n              <div class=\"content cnt_wdt1\">\r\n                <h1 data-animation=\"animated fadeInUp\" class=\"bnrfnt45\">\r\n                  ROBOTS Y LINEAS DE PINTURA SEMI-AUTOMATICAS                <\/h1>\r\n                <p data-animation=\"animated fadeInDown\" class=\"pln_he\">Desde 1989, nuestros equipos han puesto en marcha cientos de instalaciones robotizadas en gran parte del<br \/>\nmundo.<\/p>\r\n                                <a data-animation=\"animated fadeInUp\" href=\"#\" class=\"view-all  slide_learn_btn second_var_slide_btn\">Solicitar Informaci\u00f3n<\/a>\r\n                                                <a data-animation=\"animated fadeInUp\" href=\"#\" class=\"view-all  slide_learn_btn second_var_slide_btn knw_more_btn\">Ver M\u00e1s<\/a>\r\n                              <\/div>\r\n            <\/div>\r\n          <\/div>\r\n        <\/div>\r\n      <\/div>\r\n       \r\n    \r\n    <div style=\"background-image: url(https:\/\/cabinasystem.es\/wp-content\/uploads\/2024\/01\/IMG_9821-1.jpg);backgroudn-position: center right;\" class=\"item   slide-1\">\r\n        <div class=\"carousel-caption\">\r\n          <div class=\"thm-container txt-left\">\r\n            <div class=\"box valign-middle\">\r\n              <div class=\"content cnt_wdt1\">\r\n                <h1 data-animation=\"animated fadeInUp\" class=\"bnrfnt45\">\r\n                  CABINA SECA CON TRANSPORTADOR                <\/h1>\r\n                <p data-animation=\"animated fadeInDown\" class=\"pln_he\">Soluciones a medida para su instalaci\u00f3n de cabinas de pintura abiertas, cerradas, presurizadas, con filtros<br \/>\nsecos o con cortina de agua.<\/p>\r\n                                <a data-animation=\"animated fadeInUp\" href=\"#\" class=\"view-all  slide_learn_btn second_var_slide_btn\">Solicitar Informaci\u00f3n<\/a>\r\n                                                <a data-animation=\"animated fadeInUp\" href=\"#\" class=\"view-all  slide_learn_btn second_var_slide_btn knw_more_btn\">Ver M\u00e1s<\/a>\r\n                              <\/div>\r\n            <\/div>\r\n          <\/div>\r\n        <\/div>\r\n      <\/div>\r\n       \r\n    \r\n    <div style=\"background-image: url(https:\/\/cabinasystem.es\/wp-content\/uploads\/2024\/01\/recinto-de-secado-atemperado.jpg);backgroudn-position: center right;\" class=\"item   slide-1\">\r\n        <div class=\"carousel-caption\">\r\n          <div class=\"thm-container txt-left\">\r\n            <div class=\"box valign-middle\">\r\n              <div class=\"content cnt_wdt1\">\r\n                <h1 data-animation=\"animated fadeInUp\" class=\"bnrfnt45\">\r\n                  RECINTOS DE SECADO ATEMPERADOS                <\/h1>\r\n                <p data-animation=\"animated fadeInDown\" class=\"pln_he\">Recinto de secado atemperado para favorecer el secado de piezas previamente pintadas a mano o con<br \/>\nsistema autom\u00e1tico.<\/p>\r\n                                <a data-animation=\"animated fadeInUp\" href=\"#\" class=\"view-all  slide_learn_btn second_var_slide_btn\">Solicitar Informaci\u00f3n<\/a>\r\n                                                <a data-animation=\"animated fadeInUp\" href=\"#\" class=\"view-all  slide_learn_btn second_var_slide_btn knw_more_btn\">Ver M\u00e1s<\/a>\r\n                              <\/div>\r\n            <\/div>\r\n          <\/div>\r\n        <\/div>\r\n      <\/div>\r\n       \r\n    \r\n    <div style=\"background-image: url(https:\/\/cabinasystem.es\/wp-content\/uploads\/2024\/01\/20190227_123249-scaled.jpg);backgroudn-position: center right;\" class=\"item   slide-1\">\r\n        <div class=\"carousel-caption\">\r\n          <div class=\"thm-container txt-left\">\r\n            <div class=\"box valign-middle\">\r\n              <div class=\"content cnt_wdt1\">\r\n                <h1 data-animation=\"animated fadeInUp\" class=\"bnrfnt45\">\r\n                  INSTALACIONES DE PINTURA EN POLVO                <\/h1>\r\n                <p data-animation=\"animated fadeInDown\" class=\"pln_he\">Cabinas, hornos, transportadores terrestres o a\u00e9reos.<br \/>\nInstalaci\u00f3n de desengrase de piezas, cabinas de granallado, \u2026 todas las soluciones para el recubrimiento de<br \/>\npintura en polvo.<\/p>\r\n                                <a data-animation=\"animated fadeInUp\" href=\"#\" class=\"view-all  slide_learn_btn second_var_slide_btn\">Solicitar Informaci\u00f3n<\/a>\r\n                                                <a data-animation=\"animated fadeInUp\" href=\"#\" class=\"view-all  slide_learn_btn second_var_slide_btn knw_more_btn\">Ver M\u00e1s<\/a>\r\n                              <\/div>\r\n            <\/div>\r\n          <\/div>\r\n        <\/div>\r\n      <\/div>\r\n       \r\n    \r\n    <div style=\"background-image: url(https:\/\/cabinasystem.es\/wp-content\/uploads\/2024\/01\/DSCN0168.jpg);backgroudn-position: center right;\" class=\"item   slide-1\">\r\n        <div class=\"carousel-caption\">\r\n          <div class=\"thm-container txt-left\">\r\n            <div class=\"box valign-middle\">\r\n              <div class=\"content cnt_wdt1\">\r\n                <h1 data-animation=\"animated fadeInUp\" class=\"bnrfnt45\">\r\n                  INSTALACION AUTOMATICA DE PINTADO DE BOTELLAS CON SECADO INFRARROJOS                <\/h1>\r\n                <p data-animation=\"animated fadeInDown\" class=\"pln_he\">Soluciones a medida para el pintado, el secado y el transporte de sus piezas : secado con aire caliente,<br \/>\ninfrarrojos, ultravioleta, \u2026<\/p>\r\n                                <a data-animation=\"animated fadeInUp\" href=\"#\" class=\"view-all  slide_learn_btn second_var_slide_btn\">Solicitar Informaci\u00f3n<\/a>\r\n                                                <a data-animation=\"animated fadeInUp\" href=\"#\" class=\"view-all  slide_learn_btn second_var_slide_btn knw_more_btn\">Ver M\u00e1s<\/a>\r\n                              <\/div>\r\n            <\/div>\r\n          <\/div>\r\n        <\/div>\r\n      <\/div>\r\n      [\/vc_column][\/vc_row][vc_row][vc_column] \r\n        <div class=\"full_wrapper yellow_bg\">\r\n      <div class=\"container\">\r\n        <div class=\"innov_txt\"> Queremos ayudarle, no dude en consultarnos<\/div>\r\n        <div class=\"innove_quote_btn\"><a href=\"https:\/\/cabinasystem.es\/index.php\/contact-us\/\" class=\"view-all hvr-bounce-to-right get_quote_btn sec_var_quote_btn\">Solicitar Informaci\u00f3n<\/a><\/div>\r\n      <\/div>\r\n    <\/div>\r\n    [\/vc_column][\/vc_row][vc_row type_row=\u00bbmission\u00bb ses_title=\u00bbNuestra Misi\u00f3n\u00bb ses_subtitle=\u00bbNuestra misi\u00f3n es escuchar, asesorar, proponer y aportar las mejores soluciones para su proyecto de instalaci\u00f3n de pintura\u00bb][vc_column width=\u00bb1\/2&#8243; type=\u00bbcolumn\u00bb] \r\n    <div class=\"row mbot40\">\r\n      <div class=\"col-lg-3 col-md-4 col-sm-2 col-xs-4\"><img decoding=\"async\" src=\"https:\/\/cabinasystem.es\/wp-content\/uploads\/2018\/05\/delicate_team.png\" alt=\"quality assurance\"><\/div>\r\n      <div class=\"col-lg-9 col-md-8 col-sm-10 col-xs-8\">\r\n        <h4 class=\"letter_space_0 mbot15\">Nuestro Equipo<\/h4>\r\n        <p>Nuestro personal cualificado le atender\u00e1 para todas sus solicitudes, aver\u00edas o puestas a punto de instalaci\u00f3n.<\/p>\r\n      <\/div>\r\n    <\/div>\r\n[\/vc_column][vc_column width=\u00bb1\/2&#8243; type=\u00bbcolumn\u00bb] \r\n    <div class=\"row mbot40\">\r\n      <div class=\"col-lg-3 col-md-4 col-sm-2 col-xs-4\"><img decoding=\"async\" src=\"https:\/\/cabinasystem.es\/wp-content\/uploads\/2018\/05\/delivery_time.png\" alt=\"quality assurance\"><\/div>\r\n      <div class=\"col-lg-9 col-md-8 col-sm-10 col-xs-8\">\r\n        <h4 class=\"letter_space_0 mbot15\">Entrega a Tiempo<\/h4>\r\n        <p>Nos esforzamos para dise\u00f1ar, desarrollar, fabricar y cumplir con nuestros compromisos con el fin de satisfacer nuestros clientes.<\/p>\r\n      <\/div>\r\n    <\/div>\r\n[\/vc_column][vc_column width=\u00bb1\/2&#8243; type=\u00bbcolumn\u00bb] \r\n    <div class=\"row mbot40\">\r\n      <div class=\"col-lg-3 col-md-4 col-sm-2 col-xs-4\"><img decoding=\"async\" src=\"https:\/\/cabinasystem.es\/wp-content\/uploads\/2024\/01\/update_technology.png\" alt=\"quality assurance\"><\/div>\r\n      <div class=\"col-lg-9 col-md-8 col-sm-10 col-xs-8\">\r\n        <h4 class=\"letter_space_0 mbot15\">Tecnolog\u00eda Actualizada<\/h4>\r\n        <p>Nuestra presencia en los mercados internaciones nos compromete en cumplir todas las normativas, con las \u00faltimas tecnolog\u00edas, materiales novedosos, marcas y productos disponibles en cualquier pa\u00eds del mundo en caso de aver\u00eda.<\/p>\r\n      <\/div>\r\n    <\/div>\r\n[\/vc_column][vc_column width=\u00bb1\/2&#8243; type=\u00bbcolumn\u00bb] \r\n    <div class=\"row mbot40\">\r\n      <div class=\"col-lg-3 col-md-4 col-sm-2 col-xs-4\"><img decoding=\"async\" src=\"https:\/\/cabinasystem.es\/wp-content\/uploads\/2024\/01\/quality_assurance.png\" alt=\"quality assurance\"><\/div>\r\n      <div class=\"col-lg-9 col-md-8 col-sm-10 col-xs-8\">\r\n        <h4 class=\"letter_space_0 mbot15\">Garant\u00eda<\/h4>\r\n        <p>Una puesta en marcha con nuestro servicio t\u00e9cnico le garantiza empezar con buen pie. Se le entregara toda la documentaci\u00f3n necesaria para poder reparar o solicitar cualquier recambio en caso de aver\u00eda.<\/p>\r\n      <\/div>\r\n    <\/div>\r\n[\/vc_column][\/vc_row][vc_row][vc_column] \r\n    \r\n    <div class=\"full_wrapper second_variation_services padtb_96_47\">\r\n      <div class=\"container\">\r\n        <h3 class=\"fnt_white_color\">Que le Podemos Ofrecer<\/h3>\r\n        <div class=\"row mbot15\">\r\n                  <div class=\"col-lg-4 col-md-4 col-sm-6 col-xs-12 mbot30 enitre_mouse\">\r\n                      <div class=\"shadow_effect effect-apollo mbot25\">\r\n            <a href=\"https:\/\/cabinasystem.es\/index.php\/en\/solutions\/automatic-painting-installations-2\/\">\r\n            <img decoding=\"async\" src=\"https:\/\/cabinasystem.es\/wp-content\/uploads\/2024\/01\/instalacionesautomaticas_desc.jpg\" alt=\"Material\" class=\"img-responsive\"><\/a>\r\n            <\/div>\r\n                        <h4 class=\"mbot10\"><a href=\"https:\/\/cabinasystem.es\/index.php\/en\/solutions\/automatic-painting-installations-2\/\" class=\"ser_white_head\">Automatic Painting Installations<\/a><\/h4>\r\n            <p class=\"mbot12 line_he2 p_gray_color\">                                CABINA SYSTEM has extensive experience in the design, manufacture, and assembly of automatic liquid and powder painting systems. We...                                <\/p><a href=\"https:\/\/cabinasystem.es\/index.php\/en\/solutions\/automatic-painting-installations-2\/\" class=\"read_more service_read\">                                                                        <\/a>\r\n          <\/div>\r\n                  <div class=\"col-lg-4 col-md-4 col-sm-6 col-xs-12 mbot30 enitre_mouse\">\r\n                      <div class=\"shadow_effect effect-apollo mbot25\">\r\n            <a href=\"https:\/\/cabinasystem.es\/index.php\/fr\/solutions\/automatic-painting-installations\/\">\r\n            <img decoding=\"async\" src=\"https:\/\/cabinasystem.es\/wp-content\/uploads\/2024\/01\/instalacionesautomaticas_desc.jpg\" alt=\"Material\" class=\"img-responsive\"><\/a>\r\n            <\/div>\r\n                        <h4 class=\"mbot10\"><a href=\"https:\/\/cabinasystem.es\/index.php\/fr\/solutions\/automatic-painting-installations\/\" class=\"ser_white_head\">Installations de peinture automatiques<\/a><\/h4>\r\n            <p class=\"mbot12 line_he2 p_gray_color\">                                CABINA SYSTEM poss\u00e8de une vaste exp\u00e9rience dans la conception, la fabrication et l&#8217;assemblage de syst\u00e8mes automatiques de peinture liquide...                                <\/p><a href=\"https:\/\/cabinasystem.es\/index.php\/fr\/solutions\/automatic-painting-installations\/\" class=\"read_more service_read\">                                                                        <\/a>\r\n          <\/div>\r\n                  <div class=\"col-lg-4 col-md-4 col-sm-6 col-xs-12 mbot30 enitre_mouse\">\r\n                      <div class=\"shadow_effect effect-apollo mbot25\">\r\n            <a href=\"https:\/\/cabinasystem.es\/index.php\/en\/solutions\/manual-and-automatic-air-transporter\/\">\r\n            <img decoding=\"async\" src=\"https:\/\/cabinasystem.es\/wp-content\/uploads\/2024\/01\/transporteaereo_desc.jpg\" alt=\"Material\" class=\"img-responsive\"><\/a>\r\n            <\/div>\r\n                        <h4 class=\"mbot10\"><a href=\"https:\/\/cabinasystem.es\/index.php\/en\/solutions\/manual-and-automatic-air-transporter\/\" class=\"ser_white_head\">Manual and Automatic Air Transporter<\/a><\/h4>\r\n            <p class=\"mbot12 line_he2 p_gray_color\">                                The overhead or inverted conveyor is the ideal solution for transporting heavy or light parts from loading points to...                                <\/p><a href=\"https:\/\/cabinasystem.es\/index.php\/en\/solutions\/manual-and-automatic-air-transporter\/\" class=\"read_more service_read\">                                                                        <\/a>\r\n          <\/div>\r\n                <\/div>\r\n        <div class=\"gray_separate_line lght_gray_separator\"><\/div>\r\n        <div class=\"full_width mtop50\">\r\n          <div class=\"row\">\r\n                                                                                                                                          <div class=\"col-lg-6 col-md-6 col-sm-12 col-xs-12 mbot30 enitre_mouse\">\r\n              <div class=\"row\">\r\n                              <div class=\"col-lg-4 col-md-4 col-sm-4 col-xs-12\">\r\n                  <div class=\"shadow_effect effect-apollo mbot25\"><a href=\"https:\/\/cabinasystem.es\/index.php\/fr\/solutions\/transporteur-aerien-manuel-et-automatique\/\"><img decoding=\"async\" src=\"https:\/\/cabinasystem.es\/wp-content\/uploads\/2024\/01\/transporteaereo_desc.jpg\" alt=\"Material\" class=\"img-responsive\"><\/a><\/div>\r\n                <\/div>\r\n                                <div class=\"col-lg-8 col-md-8 col-sm-8 col-xs-12\">\r\n                  <h4 class=\"mtopminus5 mbot10\"><a href=\"https:\/\/cabinasystem.es\/index.php\/fr\/solutions\/transporteur-aerien-manuel-et-automatique\/\" class=\"ser_white_head\">Transporteur a\u00e9rien manuel et automatique<\/a><\/h4>\r\n                  <p class=\"mbot10 line_he2 p_gray_color\">                                Le convoyeur a\u00e9rien ou invers\u00e9 est la solution id\u00e9ale pour transporter des pi\u00e8ces lourdes ou l\u00e9g\u00e8res depuis les points...                                <\/p><a href=\"https:\/\/cabinasystem.es\/index.php\/fr\/solutions\/transporteur-aerien-manuel-et-automatique\/\" class=\"read_more service_read\">                                                                        <\/a>\r\n                <\/div>\r\n              <\/div>\r\n            <\/div>\r\n                                                        <div class=\"col-lg-6 col-md-6 col-sm-12 col-xs-12 mbot30 enitre_mouse\">\r\n              <div class=\"row\">\r\n                              <div class=\"col-lg-4 col-md-4 col-sm-4 col-xs-12\">\r\n                  <div class=\"shadow_effect effect-apollo mbot25\"><a href=\"https:\/\/cabinasystem.es\/index.php\/en\/solutions\/painting-robots-and-semi-automatic-drying-lines\/\"><img decoding=\"async\" src=\"https:\/\/cabinasystem.es\/wp-content\/uploads\/2024\/01\/robotsdepintura_desc.jpg\" alt=\"Material\" class=\"img-responsive\"><\/a><\/div>\r\n                <\/div>\r\n                                <div class=\"col-lg-8 col-md-8 col-sm-8 col-xs-12\">\r\n                  <h4 class=\"mtopminus5 mbot10\"><a href=\"https:\/\/cabinasystem.es\/index.php\/en\/solutions\/painting-robots-and-semi-automatic-drying-lines\/\" class=\"ser_white_head\">Painting Robots and Semi-Automatic Drying Lines<\/a><\/h4>\r\n                  <p class=\"mbot10 line_he2 p_gray_color\">                                Our journey began in 1989 when Pedro FERRIZ, the manager of CABINA SYSTEM, began his professional career at the...                                <\/p><a href=\"https:\/\/cabinasystem.es\/index.php\/en\/solutions\/painting-robots-and-semi-automatic-drying-lines\/\" class=\"read_more service_read\">                                                                        <\/a>\r\n                <\/div>\r\n              <\/div>\r\n            <\/div>\r\n                                                                                                                                                                                                  <\/div>\r\n        <\/div>\r\n      <\/div>\r\n    <\/div>\r\n    [\/vc_column][\/vc_row][vc_row equal_height=\u00bbyes\u00bb content_placement=\u00bbmiddle\u00bb css=\u00bb.vc_custom_1747444344327{background-position: center !important;background-repeat: no-repeat !important;background-size: cover !important;}\u00bb][vc_column] \r\n        <div id=\"our_project\" data-ride=\"carousel\" class=\"full_wrapper variation2_projectsection_bg padtb_91_0 carousel slide three_shows_one_move\" style=\"background: url(https:\/\/cabinasystem.es\/wp-content\/uploads\/2024\/01\/project_bg.jpg) no-repeat center top;\r\n    background-size: cover;\">\r\n      <div class=\"container\">\r\n        <h3 class=\"fnt_white_color mbot25\">Nuestros Proyectos<\/h3>\r\n        <p class=\"p_gray1 mbot45\">Durante 3 d\u00e9cadas, se han realizado muchos proyectos en casi todos los continentes del mundo. Desde Pek\u00edn, Republica Dominicana, Ucrania, Marruecos, Chile, Francia, etc\u2026 instalaciones que han permitido exportar nuestros conocimientos a trav\u00e9s del mundo.<\/p>\r\n        <div class=\"controls pull-right mtop165\"><a href=\"#our_project\" data-slide=\"prev\" class=\"left fa fa-angle-left next_prve_control\"><\/a><a href=\"#our_project\" data-slide=\"next\" class=\"right fa fa-angle-right next_prve_control\"><\/a><\/div>\r\n      <\/div>\r\n      <!-- Wrapper for slides-->\r\n      <div class=\"carousel-inner\">\r\n              <div class=\"item active\">\r\n          <div class=\"col-lg-3 col-md-3 col-sm-6 col-xs-12 project_img pad_zero effect-goliath\">\r\n            <div class=\"shadow_effect black_overlay\"><img decoding=\"async\" src=\"https:\/\/cabinasystem.es\/wp-content\/uploads\/2024\/09\/IMG_0734.jpg\" alt=\"Project1\" class=\"img-responsive\"><\/div>\r\n            <div class=\"project_txt_btn\"><a href=\"https:\/\/cabinasystem.es\/index.php\/fr\/projects\/four-de-polymerisation-statique-pour-peinture-en-poudre\/\" class=\"view-all hvr-bounce-to-right slide_learn_btn view_project_btn\">view project<\/a>\r\n              <h6>FOUR DE POLYM\u00c9RISATION STATIQUE POUR PEINTURE EN POUDRE<\/h6>\r\n            <\/div>\r\n          <\/div>\r\n        <\/div>\r\n                <div class=\"item \">\r\n          <div class=\"col-lg-3 col-md-3 col-sm-6 col-xs-12 project_img pad_zero effect-goliath\">\r\n            <div class=\"shadow_effect black_overlay\"><img decoding=\"async\" src=\"https:\/\/cabinasystem.es\/wp-content\/uploads\/2024\/09\/IMG_0734.jpg\" alt=\"Project1\" class=\"img-responsive\"><\/div>\r\n            <div class=\"project_txt_btn\"><a href=\"https:\/\/cabinasystem.es\/index.php\/en\/projects\/static-polymerization-oven-for-powder-paint\/\" class=\"view-all hvr-bounce-to-right slide_learn_btn view_project_btn\">view project<\/a>\r\n              <h6>STATIC POLYMERIZATION OVEN FOR POWDER PAINT<\/h6>\r\n            <\/div>\r\n          <\/div>\r\n        <\/div>\r\n                <div class=\"item \">\r\n          <div class=\"col-lg-3 col-md-3 col-sm-6 col-xs-12 project_img pad_zero effect-goliath\">\r\n            <div class=\"shadow_effect black_overlay\"><img decoding=\"async\" src=\"https:\/\/cabinasystem.es\/wp-content\/uploads\/2024\/09\/5d3d99c0-b6a8-4dc1-8196-0fb10093b9df.jpg\" alt=\"Project1\" class=\"img-responsive\"><\/div>\r\n            <div class=\"project_txt_btn\"><a href=\"https:\/\/cabinasystem.es\/index.php\/en\/projects\/installation-of-trim-paint-and-plane-sander\/\" class=\"view-all hvr-bounce-to-right slide_learn_btn view_project_btn\">view project<\/a>\r\n              <h6>INSTALLATION OF TRIM PAINT AND PLANE SANDER<\/h6>\r\n            <\/div>\r\n          <\/div>\r\n        <\/div>\r\n                <div class=\"item \">\r\n          <div class=\"col-lg-3 col-md-3 col-sm-6 col-xs-12 project_img pad_zero effect-goliath\">\r\n            <div class=\"shadow_effect black_overlay\"><img decoding=\"async\" src=\"https:\/\/cabinasystem.es\/wp-content\/uploads\/2024\/09\/5d3d99c0-b6a8-4dc1-8196-0fb10093b9df.jpg\" alt=\"Project1\" class=\"img-responsive\"><\/div>\r\n            <div class=\"project_txt_btn\"><a href=\"https:\/\/cabinasystem.es\/index.php\/fr\/projects\/installation-de-peinture-de-garniture-et-de-ponceuse-a-raboteuse\/\" class=\"view-all hvr-bounce-to-right slide_learn_btn view_project_btn\">view project<\/a>\r\n              <h6>INSTALLATION DE PEINTURE DE GARNITURE ET DE PONCEUSE \u00c0 RABOTEUSE<\/h6>\r\n            <\/div>\r\n          <\/div>\r\n        <\/div>\r\n                <div class=\"item \">\r\n          <div class=\"col-lg-3 col-md-3 col-sm-6 col-xs-12 project_img pad_zero effect-goliath\">\r\n            <div class=\"shadow_effect black_overlay\"><img decoding=\"async\" src=\"https:\/\/cabinasystem.es\/wp-content\/uploads\/2024\/09\/100_1114.jpg\" alt=\"Project1\" class=\"img-responsive\"><\/div>\r\n            <div class=\"project_txt_btn\"><a href=\"https:\/\/cabinasystem.es\/index.php\/en\/projects\/8-arm-rotating-painting-robot\/\" class=\"view-all hvr-bounce-to-right slide_learn_btn view_project_btn\">view project<\/a>\r\n              <h6>8-ARM ROTATING PAINTING ROBOT<\/h6>\r\n            <\/div>\r\n          <\/div>\r\n        <\/div>\r\n                <div class=\"item \">\r\n          <div class=\"col-lg-3 col-md-3 col-sm-6 col-xs-12 project_img pad_zero effect-goliath\">\r\n            <div class=\"shadow_effect black_overlay\"><img decoding=\"async\" src=\"https:\/\/cabinasystem.es\/wp-content\/uploads\/2024\/09\/100_1114.jpg\" alt=\"Project1\" class=\"img-responsive\"><\/div>\r\n            <div class=\"project_txt_btn\"><a href=\"https:\/\/cabinasystem.es\/index.php\/fr\/projects\/robot-de-peinture-rotatif-a-8-bras\/\" class=\"view-all hvr-bounce-to-right slide_learn_btn view_project_btn\">view project<\/a>\r\n              <h6>ROBOT DE PEINTURE ROTATIF \u00c0 8 BRAS<\/h6>\r\n            <\/div>\r\n          <\/div>\r\n        <\/div>\r\n                <div class=\"item \">\r\n          <div class=\"col-lg-3 col-md-3 col-sm-6 col-xs-12 project_img pad_zero effect-goliath\">\r\n            <div class=\"shadow_effect black_overlay\"><img decoding=\"async\" src=\"https:\/\/cabinasystem.es\/wp-content\/uploads\/2024\/09\/c9-e1747444461126.jpg\" alt=\"Project1\" class=\"img-responsive\"><\/div>\r\n            <div class=\"project_txt_btn\"><a href=\"https:\/\/cabinasystem.es\/index.php\/fr\/projects\/robot-de-peinture-a-un-bras-avec-transport-de-papier\/\" class=\"view-all hvr-bounce-to-right slide_learn_btn view_project_btn\">view project<\/a>\r\n              <h6>ROBOT DE PEINTURE \u00c0 UN BRAS AVEC TRANSPORT DE PAPIER<\/h6>\r\n            <\/div>\r\n          <\/div>\r\n        <\/div>\r\n              <\/div>\r\n    <\/div>\r\n    [\/vc_column][\/vc_row]<\/p>\n","protected":false},"excerpt":{"rendered":"<p>[vc_row type_row=\u00bbslider\u00bb][vc_column][\/vc_column][\/vc_row][vc_row][vc_column][\/vc_column][\/vc_row][vc_row type_row=\u00bbmission\u00bb ses_title=\u00bbNuestra Misi\u00f3n\u00bb ses_subtitle=\u00bbNuestra misi\u00f3n es escuchar, asesorar, proponer y aportar las mejores soluciones para su proyecto de instalaci\u00f3n de pintura\u00bb][vc_column width=\u00bb1\/2&#8243; type=\u00bbcolumn\u00bb][\/vc_column][vc_column width=\u00bb1\/2&#8243; type=\u00bbcolumn\u00bb][\/vc_column][vc_column width=\u00bb1\/2&#8243; type=\u00bbcolumn\u00bb][\/vc_column][vc_column width=\u00bb1\/2&#8243; type=\u00bbcolumn\u00bb][\/vc_column][\/vc_row][vc_row][vc_column][\/vc_column][\/vc_row][vc_row equal_height=\u00bbyes\u00bb content_placement=\u00bbmiddle\u00bb css=\u00bb.vc_custom_1747444344327{background-position: center !important;background-repeat: no-repeat !important;background-size: cover !important;}\u00bb][vc_column][\/vc_column][\/vc_row]<\/p>\n","protected":false},"author":1,"featured_media":0,"parent":0,"menu_order":0,"comment_status":"closed","ping_status":"closed","template":"page-templates\/template-home.php","meta":{"footnotes":""},"class_list":["post-121","page","type-page","status-publish","hentry"],"_links":{"self":[{"href":"https:\/\/cabinasystem.es\/index.php\/wp-json\/wp\/v2\/pages\/121","targetHints":{"allow":["GET"]}}],"collection":[{"href":"https:\/\/cabinasystem.es\/index.php\/wp-json\/wp\/v2\/pages"}],"about":[{"href":"https:\/\/cabinasystem.es\/index.php\/wp-json\/wp\/v2\/types\/page"}],"author":[{"embeddable":true,"href":"https:\/\/cabinasystem.es\/index.php\/wp-json\/wp\/v2\/users\/1"}],"replies":[{"embeddable":true,"href":"https:\/\/cabinasystem.es\/index.php\/wp-json\/wp\/v2\/comments?post=121"}],"version-history":[{"count":33,"href":"https:\/\/cabinasystem.es\/index.php\/wp-json\/wp\/v2\/pages\/121\/revisions"}],"predecessor-version":[{"id":1146,"href":"https:\/\/cabinasystem.es\/index.php\/wp-json\/wp\/v2\/pages\/121\/revisions\/1146"}],"wp:attachment":[{"href":"https:\/\/cabinasystem.es\/index.php\/wp-json\/wp\/v2\/media?parent=121"}],"curies":[{"name":"wp","href":"https:\/\/api.w.org\/{rel}","templated":true}]}}