{"id":844,"date":"2025-03-20T14:19:01","date_gmt":"2025-03-20T13:19:01","guid":{"rendered":"https:\/\/cabinasystem.es\/index.php\/home-page-one-english\/"},"modified":"2025-04-25T23:25:01","modified_gmt":"2025-04-25T21:25:01","slug":"home-page-one-english","status":"publish","type":"page","link":"https:\/\/cabinasystem.es\/index.php\/en\/home-page-one-english\/","title":{"rendered":"Home Page One &#8211; English"},"content":{"rendered":"<p>[vc_row type_row=\u00bbslider\u00bb][vc_column] \r\n    \r\n    <div style=\"background-image: url(https:\/\/cabinasystem.es\/wp-content\/uploads\/2024\/01\/100_1093-1.jpg);backgroudn-position: center right;\" class=\"item  active slide-1\">\r\n        <div class=\"carousel-caption\">\r\n          <div class=\"thm-container txt-left\">\r\n            <div class=\"box valign-middle\">\r\n              <div class=\"content cnt_wdt1\">\r\n                <h1 data-animation=\"animated fadeInUp\" class=\"bnrfnt45\">\r\n                  ROBOTS AND SEMI-AUTOMATIC PAINTING LINES                <\/h1>\r\n                <p data-animation=\"animated fadeInDown\" class=\"pln_he\">Since 1989, our teams have implemented hundreds of robotic installations throughout much of the world.<\/p>\r\n                                <a data-animation=\"animated fadeInUp\" href=\"#\" class=\"view-all  slide_learn_btn second_var_slide_btn\">Request Information<\/a>\r\n                                                <a data-animation=\"animated fadeInUp\" href=\"#\" class=\"view-all  slide_learn_btn second_var_slide_btn knw_more_btn\">See More<\/a>\r\n                              <\/div>\r\n            <\/div>\r\n          <\/div>\r\n        <\/div>\r\n      <\/div>\r\n       \r\n    \r\n    <div style=\"background-image: url(https:\/\/cabinasystem.es\/wp-content\/uploads\/2024\/01\/IMG_9821-1.jpg);backgroudn-position: center right;\" class=\"item   slide-1\">\r\n        <div class=\"carousel-caption\">\r\n          <div class=\"thm-container txt-left\">\r\n            <div class=\"box valign-middle\">\r\n              <div class=\"content cnt_wdt1\">\r\n                <h1 data-animation=\"animated fadeInUp\" class=\"bnrfnt45\">\r\n                  DRY BOOTH WITH CONVEYOR                <\/h1>\r\n                <p data-animation=\"animated fadeInDown\" class=\"pln_he\">Customized solutions for your installation of open, closed, pressurized paint booths, with dry filters or with a water curtain.<\/p>\r\n                                <a data-animation=\"animated fadeInUp\" href=\"#\" class=\"view-all  slide_learn_btn second_var_slide_btn\">Request Information<\/a>\r\n                                                <a data-animation=\"animated fadeInUp\" href=\"#\" class=\"view-all  slide_learn_btn second_var_slide_btn knw_more_btn\">See More<\/a>\r\n                              <\/div>\r\n            <\/div>\r\n          <\/div>\r\n        <\/div>\r\n      <\/div>\r\n       \r\n    \r\n    <div style=\"background-image: url(https:\/\/cabinasystem.es\/wp-content\/uploads\/2024\/01\/recinto-de-secado-atemperado.jpg);backgroudn-position: center right;\" class=\"item   slide-1\">\r\n        <div class=\"carousel-caption\">\r\n          <div class=\"thm-container txt-left\">\r\n            <div class=\"box valign-middle\">\r\n              <div class=\"content cnt_wdt1\">\r\n                <h1 data-animation=\"animated fadeInUp\" class=\"bnrfnt45\">\r\n                  TEMPERED DRYING ENCLOSURES                <\/h1>\r\n                <p data-animation=\"animated fadeInDown\" class=\"pln_he\">Tempered drying enclosure to facilitate the drying of pieces previously painted by hand or with an automatic system.<\/p>\r\n                                <a data-animation=\"animated fadeInUp\" href=\"#\" class=\"view-all  slide_learn_btn second_var_slide_btn\">Request Information<\/a>\r\n                                                <a data-animation=\"animated fadeInUp\" href=\"#\" class=\"view-all  slide_learn_btn second_var_slide_btn knw_more_btn\">See More<\/a>\r\n                              <\/div>\r\n            <\/div>\r\n          <\/div>\r\n        <\/div>\r\n      <\/div>\r\n       \r\n    \r\n    <div style=\"background-image: url(https:\/\/cabinasystem.es\/wp-content\/uploads\/2024\/01\/20190227_123249-scaled.jpg);backgroudn-position: center right;\" class=\"item   slide-1\">\r\n        <div class=\"carousel-caption\">\r\n          <div class=\"thm-container txt-left\">\r\n            <div class=\"box valign-middle\">\r\n              <div class=\"content cnt_wdt1\">\r\n                <h1 data-animation=\"animated fadeInUp\" class=\"bnrfnt45\">\r\n                  POWDER PAINTING INSTALLATIONS                <\/h1>\r\n                <p data-animation=\"animated fadeInDown\" class=\"pln_he\">Booths, ovens, ground or air conveyors.<br \/>\nPart degreasing installation, shot blasting booths, ... all the solutions for powder coating.<\/p>\r\n                                <a data-animation=\"animated fadeInUp\" href=\"#\" class=\"view-all  slide_learn_btn second_var_slide_btn\">Request Information<\/a>\r\n                                                <a data-animation=\"animated fadeInUp\" href=\"#\" class=\"view-all  slide_learn_btn second_var_slide_btn knw_more_btn\">See More<\/a>\r\n                              <\/div>\r\n            <\/div>\r\n          <\/div>\r\n        <\/div>\r\n      <\/div>\r\n       \r\n    \r\n    <div style=\"background-image: url(https:\/\/cabinasystem.es\/wp-content\/uploads\/2024\/01\/DSCN0168.jpg);backgroudn-position: center right;\" class=\"item   slide-1\">\r\n        <div class=\"carousel-caption\">\r\n          <div class=\"thm-container txt-left\">\r\n            <div class=\"box valign-middle\">\r\n              <div class=\"content cnt_wdt1\">\r\n                <h1 data-animation=\"animated fadeInUp\" class=\"bnrfnt45\">\r\n                  AUTOMATIC BOTTLE PAINTING INSTALLATION WITH INFRARED DRYING                <\/h1>\r\n                <p data-animation=\"animated fadeInDown\" class=\"pln_he\">Customized solutions for painting, drying, and transporting your parts: hot air drying, infrared, ultraviolet, ...<\/p>\r\n                                <a data-animation=\"animated fadeInUp\" href=\"#\" class=\"view-all  slide_learn_btn second_var_slide_btn\">Request Information<\/a>\r\n                                                <a data-animation=\"animated fadeInUp\" href=\"#\" class=\"view-all  slide_learn_btn second_var_slide_btn knw_more_btn\">See More<\/a>\r\n                              <\/div>\r\n            <\/div>\r\n          <\/div>\r\n        <\/div>\r\n      <\/div>\r\n      [\/vc_column][\/vc_row][vc_row][vc_column] \r\n        <div class=\"full_wrapper yellow_bg\">\r\n      <div class=\"container\">\r\n        <div class=\"innov_txt\"> We want to help you, do not hesitate to contact us<\/div>\r\n        <div class=\"innove_quote_btn\"><a href=\"https:\/\/cabinasystem.es\/index.php\/contact-us\/\" class=\"view-all hvr-bounce-to-right get_quote_btn sec_var_quote_btn\">Request Information<\/a><\/div>\r\n      <\/div>\r\n    <\/div>\r\n    [\/vc_column][\/vc_row][vc_row type_row=\u00bbmission\u00bb ses_title=\u00bbOur Mission\u00bb ses_subtitle=\u00bbOur mission is to listen, advise, propose and provide the best solutions for your paint installation project\u00bb][vc_column width=\u00bb1\/2&#8243; type=\u00bbcolumn\u00bb] \r\n    <div class=\"row mbot40\">\r\n      <div class=\"col-lg-3 col-md-4 col-sm-2 col-xs-4\"><img decoding=\"async\" src=\"https:\/\/cabinasystem.es\/wp-content\/uploads\/2018\/05\/delicate_team.png\" alt=\"quality assurance\"><\/div>\r\n      <div class=\"col-lg-9 col-md-8 col-sm-10 col-xs-8\">\r\n        <h4 class=\"letter_space_0 mbot15\">Our Team<\/h4>\r\n        <p>Our qualified staff will assist you with all your requests, breakdowns or installation setups.<\/p>\r\n      <\/div>\r\n    <\/div>\r\n[\/vc_column][vc_column width=\u00bb1\/2&#8243; type=\u00bbcolumn\u00bb] \r\n    <div class=\"row mbot40\">\r\n      <div class=\"col-lg-3 col-md-4 col-sm-2 col-xs-4\"><img decoding=\"async\" src=\"https:\/\/cabinasystem.es\/wp-content\/uploads\/2018\/05\/delivery_time.png\" alt=\"quality assurance\"><\/div>\r\n      <div class=\"col-lg-9 col-md-8 col-sm-10 col-xs-8\">\r\n        <h4 class=\"letter_space_0 mbot15\">On-Time Delivery<\/h4>\r\n        <p>We strive to design, develop, manufacture and fulfill our commitments in order to satisfy ourcustomers.<\/p>\r\n      <\/div>\r\n    <\/div>\r\n[\/vc_column][vc_column width=\u00bb1\/2&#8243; type=\u00bbcolumn\u00bb] \r\n    <div class=\"row mbot40\">\r\n      <div class=\"col-lg-3 col-md-4 col-sm-2 col-xs-4\"><img decoding=\"async\" src=\"https:\/\/cabinasystem.es\/wp-content\/uploads\/2024\/01\/update_technology.png\" alt=\"quality assurance\"><\/div>\r\n      <div class=\"col-lg-9 col-md-8 col-sm-10 col-xs-8\">\r\n        <h4 class=\"letter_space_0 mbot15\">Updated Technology<\/h4>\r\n        <p>Our presence in international markets commits us to comply with all regulations, with the latest technologies, innovative materials, brands and products available in any country in the world in case of breakdown.<\/p>\r\n      <\/div>\r\n    <\/div>\r\n[\/vc_column][vc_column width=\u00bb1\/2&#8243; type=\u00bbcolumn\u00bb] \r\n    <div class=\"row mbot40\">\r\n      <div class=\"col-lg-3 col-md-4 col-sm-2 col-xs-4\"><img decoding=\"async\" src=\"https:\/\/cabinasystem.es\/wp-content\/uploads\/2024\/01\/quality_assurance.png\" alt=\"quality assurance\"><\/div>\r\n      <div class=\"col-lg-9 col-md-8 col-sm-10 col-xs-8\">\r\n        <h4 class=\"letter_space_0 mbot15\">Warranty<\/h4>\r\n        <p>A start-up with our technical service guarantees you a good start. You will be given all the necessary documentation to be able to repair or request any spare part in case of breakdown. <\/p>\r\n      <\/div>\r\n    <\/div>\r\n[\/vc_column][\/vc_row][vc_row][vc_column] \r\n    \r\n    <div class=\"full_wrapper second_variation_services padtb_96_47\">\r\n      <div class=\"container\">\r\n        <h3 class=\"fnt_white_color\">What We Can Offer<\/h3>\r\n        <div class=\"row mbot15\">\r\n                  <div class=\"col-lg-4 col-md-4 col-sm-6 col-xs-12 mbot30 enitre_mouse\">\r\n                      <div class=\"shadow_effect effect-apollo mbot25\">\r\n            <a href=\"https:\/\/cabinasystem.es\/index.php\/en\/solutions\/automatic-painting-installations-2\/\">\r\n            <img decoding=\"async\" src=\"https:\/\/cabinasystem.es\/wp-content\/uploads\/2024\/01\/instalacionesautomaticas_desc.jpg\" alt=\"Material\" class=\"img-responsive\"><\/a>\r\n            <\/div>\r\n                        <h4 class=\"mbot10\"><a href=\"https:\/\/cabinasystem.es\/index.php\/en\/solutions\/automatic-painting-installations-2\/\" class=\"ser_white_head\">Automatic Painting Installations<\/a><\/h4>\r\n            <p class=\"mbot12 line_he2 p_gray_color\">                                CABINA SYSTEM has extensive experience in the design, manufacture, and assembly of automatic liquid and powder painting systems. We...                                <\/p><a href=\"https:\/\/cabinasystem.es\/index.php\/en\/solutions\/automatic-painting-installations-2\/\" class=\"read_more service_read\">                                                                        <\/a>\r\n          <\/div>\r\n                  <div class=\"col-lg-4 col-md-4 col-sm-6 col-xs-12 mbot30 enitre_mouse\">\r\n                      <div class=\"shadow_effect effect-apollo mbot25\">\r\n            <a href=\"https:\/\/cabinasystem.es\/index.php\/fr\/solutions\/automatic-painting-installations\/\">\r\n            <img decoding=\"async\" src=\"https:\/\/cabinasystem.es\/wp-content\/uploads\/2024\/01\/instalacionesautomaticas_desc.jpg\" alt=\"Material\" class=\"img-responsive\"><\/a>\r\n            <\/div>\r\n                        <h4 class=\"mbot10\"><a href=\"https:\/\/cabinasystem.es\/index.php\/fr\/solutions\/automatic-painting-installations\/\" class=\"ser_white_head\">Installations de peinture automatiques<\/a><\/h4>\r\n            <p class=\"mbot12 line_he2 p_gray_color\">                                CABINA SYSTEM poss\u00e8de une vaste exp\u00e9rience dans la conception, la fabrication et l&#8217;assemblage de syst\u00e8mes automatiques de peinture liquide...                                <\/p><a href=\"https:\/\/cabinasystem.es\/index.php\/fr\/solutions\/automatic-painting-installations\/\" class=\"read_more service_read\">                                                                        <\/a>\r\n          <\/div>\r\n                  <div class=\"col-lg-4 col-md-4 col-sm-6 col-xs-12 mbot30 enitre_mouse\">\r\n                      <div class=\"shadow_effect effect-apollo mbot25\">\r\n            <a href=\"https:\/\/cabinasystem.es\/index.php\/en\/solutions\/manual-and-automatic-air-transporter\/\">\r\n            <img decoding=\"async\" src=\"https:\/\/cabinasystem.es\/wp-content\/uploads\/2024\/01\/transporteaereo_desc.jpg\" alt=\"Material\" class=\"img-responsive\"><\/a>\r\n            <\/div>\r\n                        <h4 class=\"mbot10\"><a href=\"https:\/\/cabinasystem.es\/index.php\/en\/solutions\/manual-and-automatic-air-transporter\/\" class=\"ser_white_head\">Manual and Automatic Air Transporter<\/a><\/h4>\r\n            <p class=\"mbot12 line_he2 p_gray_color\">                                The overhead or inverted conveyor is the ideal solution for transporting heavy or light parts from loading points to...                                <\/p><a href=\"https:\/\/cabinasystem.es\/index.php\/en\/solutions\/manual-and-automatic-air-transporter\/\" class=\"read_more service_read\">                                                                        <\/a>\r\n          <\/div>\r\n                <\/div>\r\n        <div class=\"gray_separate_line lght_gray_separator\"><\/div>\r\n        <div class=\"full_width mtop50\">\r\n          <div class=\"row\">\r\n                                                                                                                                          <div class=\"col-lg-6 col-md-6 col-sm-12 col-xs-12 mbot30 enitre_mouse\">\r\n              <div class=\"row\">\r\n                              <div class=\"col-lg-4 col-md-4 col-sm-4 col-xs-12\">\r\n                  <div class=\"shadow_effect effect-apollo mbot25\"><a href=\"https:\/\/cabinasystem.es\/index.php\/fr\/solutions\/transporteur-aerien-manuel-et-automatique\/\"><img decoding=\"async\" src=\"https:\/\/cabinasystem.es\/wp-content\/uploads\/2024\/01\/transporteaereo_desc.jpg\" alt=\"Material\" class=\"img-responsive\"><\/a><\/div>\r\n                <\/div>\r\n                                <div class=\"col-lg-8 col-md-8 col-sm-8 col-xs-12\">\r\n                  <h4 class=\"mtopminus5 mbot10\"><a href=\"https:\/\/cabinasystem.es\/index.php\/fr\/solutions\/transporteur-aerien-manuel-et-automatique\/\" class=\"ser_white_head\">Transporteur a\u00e9rien manuel et automatique<\/a><\/h4>\r\n                  <p class=\"mbot10 line_he2 p_gray_color\">                                Le convoyeur a\u00e9rien ou invers\u00e9 est la solution id\u00e9ale pour transporter des pi\u00e8ces lourdes ou l\u00e9g\u00e8res depuis les points...                                <\/p><a href=\"https:\/\/cabinasystem.es\/index.php\/fr\/solutions\/transporteur-aerien-manuel-et-automatique\/\" class=\"read_more service_read\">                                                                        <\/a>\r\n                <\/div>\r\n              <\/div>\r\n            <\/div>\r\n                                                        <div class=\"col-lg-6 col-md-6 col-sm-12 col-xs-12 mbot30 enitre_mouse\">\r\n              <div class=\"row\">\r\n                              <div class=\"col-lg-4 col-md-4 col-sm-4 col-xs-12\">\r\n                  <div class=\"shadow_effect effect-apollo mbot25\"><a href=\"https:\/\/cabinasystem.es\/index.php\/en\/solutions\/painting-robots-and-semi-automatic-drying-lines\/\"><img decoding=\"async\" src=\"https:\/\/cabinasystem.es\/wp-content\/uploads\/2024\/01\/robotsdepintura_desc.jpg\" alt=\"Material\" class=\"img-responsive\"><\/a><\/div>\r\n                <\/div>\r\n                                <div class=\"col-lg-8 col-md-8 col-sm-8 col-xs-12\">\r\n                  <h4 class=\"mtopminus5 mbot10\"><a href=\"https:\/\/cabinasystem.es\/index.php\/en\/solutions\/painting-robots-and-semi-automatic-drying-lines\/\" class=\"ser_white_head\">Painting Robots and Semi-Automatic Drying Lines<\/a><\/h4>\r\n                  <p class=\"mbot10 line_he2 p_gray_color\">                                Our journey began in 1989 when Pedro FERRIZ, the manager of CABINA SYSTEM, began his professional career at the...                                <\/p><a href=\"https:\/\/cabinasystem.es\/index.php\/en\/solutions\/painting-robots-and-semi-automatic-drying-lines\/\" class=\"read_more service_read\">                                                                        <\/a>\r\n                <\/div>\r\n              <\/div>\r\n            <\/div>\r\n                                                                                                                                                                                                  <\/div>\r\n        <\/div>\r\n      <\/div>\r\n    <\/div>\r\n    [\/vc_column][\/vc_row][vc_row][vc_column] \r\n        <div id=\"our_project\" data-ride=\"carousel\" class=\"full_wrapper variation2_projectsection_bg padtb_91_0 carousel slide three_shows_one_move\" style=\"background: url(https:\/\/cabinasystem.es\/wp-content\/uploads\/2024\/01\/project_bg.jpg) no-repeat center top;\r\n    background-size: cover;\">\r\n      <div class=\"container\">\r\n        <h3 class=\"fnt_white_color mbot25\">Our Projects<\/h3>\r\n        <p class=\"p_gray1 mbot45\">For 3 decades, many projects have been carried out in almost every continent of the world. From Beijing, the Dominican Republic, Ukraine, Morocco, Chile, France, etc... facilities that have allowed us to export our knowledge throughout the world. <\/p>\r\n        <div class=\"controls pull-right mtop165\"><a href=\"#our_project\" data-slide=\"prev\" class=\"left fa fa-angle-left next_prve_control\"><\/a><a href=\"#our_project\" data-slide=\"next\" class=\"right fa fa-angle-right next_prve_control\"><\/a><\/div>\r\n      <\/div>\r\n      <!-- Wrapper for slides-->\r\n      <div class=\"carousel-inner\">\r\n              <div class=\"item active\">\r\n          <div class=\"col-lg-3 col-md-3 col-sm-6 col-xs-12 project_img pad_zero effect-goliath\">\r\n            <div class=\"shadow_effect black_overlay\"><img decoding=\"async\" src=\"https:\/\/cabinasystem.es\/wp-content\/uploads\/2024\/09\/IMG_0734.jpg\" alt=\"Project1\" class=\"img-responsive\"><\/div>\r\n            <div class=\"project_txt_btn\"><a href=\"https:\/\/cabinasystem.es\/index.php\/fr\/projects\/four-de-polymerisation-statique-pour-peinture-en-poudre\/\" class=\"view-all hvr-bounce-to-right slide_learn_btn view_project_btn\">view project<\/a>\r\n              <h6>FOUR DE POLYM\u00c9RISATION STATIQUE POUR PEINTURE EN POUDRE<\/h6>\r\n            <\/div>\r\n          <\/div>\r\n        <\/div>\r\n                <div class=\"item \">\r\n          <div class=\"col-lg-3 col-md-3 col-sm-6 col-xs-12 project_img pad_zero effect-goliath\">\r\n            <div class=\"shadow_effect black_overlay\"><img decoding=\"async\" src=\"https:\/\/cabinasystem.es\/wp-content\/uploads\/2024\/09\/IMG_0734.jpg\" alt=\"Project1\" class=\"img-responsive\"><\/div>\r\n            <div class=\"project_txt_btn\"><a href=\"https:\/\/cabinasystem.es\/index.php\/en\/projects\/static-polymerization-oven-for-powder-paint\/\" class=\"view-all hvr-bounce-to-right slide_learn_btn view_project_btn\">view project<\/a>\r\n              <h6>STATIC POLYMERIZATION OVEN FOR POWDER PAINT<\/h6>\r\n            <\/div>\r\n          <\/div>\r\n        <\/div>\r\n                <div class=\"item \">\r\n          <div class=\"col-lg-3 col-md-3 col-sm-6 col-xs-12 project_img pad_zero effect-goliath\">\r\n            <div class=\"shadow_effect black_overlay\"><img decoding=\"async\" src=\"https:\/\/cabinasystem.es\/wp-content\/uploads\/2024\/09\/5d3d99c0-b6a8-4dc1-8196-0fb10093b9df.jpg\" alt=\"Project1\" class=\"img-responsive\"><\/div>\r\n            <div class=\"project_txt_btn\"><a href=\"https:\/\/cabinasystem.es\/index.php\/en\/projects\/installation-of-trim-paint-and-plane-sander\/\" class=\"view-all hvr-bounce-to-right slide_learn_btn view_project_btn\">view project<\/a>\r\n              <h6>INSTALLATION OF TRIM PAINT AND PLANE SANDER<\/h6>\r\n            <\/div>\r\n          <\/div>\r\n        <\/div>\r\n                <div class=\"item \">\r\n          <div class=\"col-lg-3 col-md-3 col-sm-6 col-xs-12 project_img pad_zero effect-goliath\">\r\n            <div class=\"shadow_effect black_overlay\"><img decoding=\"async\" src=\"https:\/\/cabinasystem.es\/wp-content\/uploads\/2024\/09\/5d3d99c0-b6a8-4dc1-8196-0fb10093b9df.jpg\" alt=\"Project1\" class=\"img-responsive\"><\/div>\r\n            <div class=\"project_txt_btn\"><a href=\"https:\/\/cabinasystem.es\/index.php\/fr\/projects\/installation-de-peinture-de-garniture-et-de-ponceuse-a-raboteuse\/\" class=\"view-all hvr-bounce-to-right slide_learn_btn view_project_btn\">view project<\/a>\r\n              <h6>INSTALLATION DE PEINTURE DE GARNITURE ET DE PONCEUSE \u00c0 RABOTEUSE<\/h6>\r\n            <\/div>\r\n          <\/div>\r\n        <\/div>\r\n                <div class=\"item \">\r\n          <div class=\"col-lg-3 col-md-3 col-sm-6 col-xs-12 project_img pad_zero effect-goliath\">\r\n            <div class=\"shadow_effect black_overlay\"><img decoding=\"async\" src=\"https:\/\/cabinasystem.es\/wp-content\/uploads\/2024\/09\/100_1114.jpg\" alt=\"Project1\" class=\"img-responsive\"><\/div>\r\n            <div class=\"project_txt_btn\"><a href=\"https:\/\/cabinasystem.es\/index.php\/en\/projects\/8-arm-rotating-painting-robot\/\" class=\"view-all hvr-bounce-to-right slide_learn_btn view_project_btn\">view project<\/a>\r\n              <h6>8-ARM ROTATING PAINTING ROBOT<\/h6>\r\n            <\/div>\r\n          <\/div>\r\n        <\/div>\r\n                <div class=\"item \">\r\n          <div class=\"col-lg-3 col-md-3 col-sm-6 col-xs-12 project_img pad_zero effect-goliath\">\r\n            <div class=\"shadow_effect black_overlay\"><img decoding=\"async\" src=\"https:\/\/cabinasystem.es\/wp-content\/uploads\/2024\/09\/100_1114.jpg\" alt=\"Project1\" class=\"img-responsive\"><\/div>\r\n            <div class=\"project_txt_btn\"><a href=\"https:\/\/cabinasystem.es\/index.php\/fr\/projects\/robot-de-peinture-rotatif-a-8-bras\/\" class=\"view-all hvr-bounce-to-right slide_learn_btn view_project_btn\">view project<\/a>\r\n              <h6>ROBOT DE PEINTURE ROTATIF \u00c0 8 BRAS<\/h6>\r\n            <\/div>\r\n          <\/div>\r\n        <\/div>\r\n                <div class=\"item \">\r\n          <div class=\"col-lg-3 col-md-3 col-sm-6 col-xs-12 project_img pad_zero effect-goliath\">\r\n            <div class=\"shadow_effect black_overlay\"><img decoding=\"async\" src=\"https:\/\/cabinasystem.es\/wp-content\/uploads\/2024\/09\/c9-e1747444461126.jpg\" alt=\"Project1\" class=\"img-responsive\"><\/div>\r\n            <div class=\"project_txt_btn\"><a href=\"https:\/\/cabinasystem.es\/index.php\/fr\/projects\/robot-de-peinture-a-un-bras-avec-transport-de-papier\/\" class=\"view-all hvr-bounce-to-right slide_learn_btn view_project_btn\">view project<\/a>\r\n              <h6>ROBOT DE PEINTURE \u00c0 UN BRAS AVEC TRANSPORT DE PAPIER<\/h6>\r\n            <\/div>\r\n          <\/div>\r\n        <\/div>\r\n              <\/div>\r\n    <\/div>\r\n    [\/vc_column][\/vc_row]<\/p>\n","protected":false},"excerpt":{"rendered":"<p>[vc_row type_row=\u00bbslider\u00bb][vc_column][\/vc_column][\/vc_row][vc_row][vc_column][\/vc_column][\/vc_row][vc_row type_row=\u00bbmission\u00bb ses_title=\u00bbOur Mission\u00bb ses_subtitle=\u00bbOur mission is to listen, advise, propose and provide the best solutions for your paint installation project\u00bb][vc_column width=\u00bb1\/2&#8243; type=\u00bbcolumn\u00bb][\/vc_column][vc_column width=\u00bb1\/2&#8243; type=\u00bbcolumn\u00bb][\/vc_column][vc_column width=\u00bb1\/2&#8243; type=\u00bbcolumn\u00bb][\/vc_column][vc_column width=\u00bb1\/2&#8243; type=\u00bbcolumn\u00bb][\/vc_column][\/vc_row][vc_row][vc_column][\/vc_column][\/vc_row][vc_row][vc_column][\/vc_column][\/vc_row]<\/p>\n","protected":false},"author":1,"featured_media":0,"parent":0,"menu_order":0,"comment_status":"closed","ping_status":"closed","template":"page-templates\/template-home.php","meta":{"footnotes":""},"class_list":["post-844","page","type-page","status-publish","hentry"],"_links":{"self":[{"href":"https:\/\/cabinasystem.es\/index.php\/wp-json\/wp\/v2\/pages\/844","targetHints":{"allow":["GET"]}}],"collection":[{"href":"https:\/\/cabinasystem.es\/index.php\/wp-json\/wp\/v2\/pages"}],"about":[{"href":"https:\/\/cabinasystem.es\/index.php\/wp-json\/wp\/v2\/types\/page"}],"author":[{"embeddable":true,"href":"https:\/\/cabinasystem.es\/index.php\/wp-json\/wp\/v2\/users\/1"}],"replies":[{"embeddable":true,"href":"https:\/\/cabinasystem.es\/index.php\/wp-json\/wp\/v2\/comments?post=844"}],"version-history":[{"count":2,"href":"https:\/\/cabinasystem.es\/index.php\/wp-json\/wp\/v2\/pages\/844\/revisions"}],"predecessor-version":[{"id":859,"href":"https:\/\/cabinasystem.es\/index.php\/wp-json\/wp\/v2\/pages\/844\/revisions\/859"}],"wp:attachment":[{"href":"https:\/\/cabinasystem.es\/index.php\/wp-json\/wp\/v2\/media?parent=844"}],"curies":[{"name":"wp","href":"https:\/\/api.w.org\/{rel}","templated":true}]}}